{"id":4721,"date":"2025-02-01T21:22:27","date_gmt":"2025-02-01T21:22:27","guid":{"rendered":"https:\/\/desteko.com\/mer\/?page_id=4721"},"modified":"2026-03-04T04:37:04","modified_gmt":"2026-03-04T04:37:04","slug":"hakkimda","status":"publish","type":"page","link":"https:\/\/denizcimerve.com\/en\/hakkimda\/","title":{"rendered":"About Me"},"content":{"rendered":"<div data-elementor-type=\"wp-page\" data-elementor-id=\"4721\" class=\"elementor elementor-4721\">\n\t\t\t\t<div class=\"elementor-element elementor-element-6e834331 e-flex e-con-boxed default-style e-con e-parent\" data-id=\"6e834331\" data-element_type=\"container\" data-settings=\"{&quot;rt_color_sets&quot;:&quot;default-style&quot;}\">\n\t\t\t\t\t<div class=\"e-con-inner\">\n\t\t\t\t<div class=\"elementor-element elementor-element-6e1763a1 elementor-widget elementor-widget-text-editor\" data-id=\"6e1763a1\" data-element_type=\"widget\" data-widget_type=\"text-editor.default\">\n\t\t\t\t<div class=\"elementor-widget-container\">\n\t\t\t\t\t\t\t\t\t<figure><img fetchpriority=\"high\" decoding=\"async\" class=\"alignright\" style=\"width: 366px; height: auto;\" src=\"https:\/\/denizcimerve.com\/wp-content\/uploads\/2025\/02\/ee-300x280.png\" alt=\"\" width=\"300\" height=\"280\" \/><\/figure>\n<p><!-- \/wp:image --><!-- wp:paragraph --><\/p>\n<p>I completed my undergraduate and graduate studies at Middle East Technical University (METU), Department of Psychology, and then I graduated from Dokuz Eyl\u00fcl University, PhD program in Psychology.<\/p>\n<p><!-- \/wp:paragraph --><!-- wp:paragraph --><\/p>\n<p>During and after my graduate studies, I continued my academic work. I served as a faculty member in the psychology departments of \u00c7ankaya University and Maltepe University. I later continued my academic career at Yeditepe University, teaching undergraduate and graduate-level courses in the Department of Psychology. At the same time, I served as the Coordinator of the Clinical Psychology Master\u2019s Program at Yeditepe University.\u00a0<\/p>\n<p>I completed the trainings \u201cFrom Psychoanalysis to Psychodynamic Psychotherapies\u201d and \u201cTechnique and Practice in Psychodynamic Psychotherapy,\u201d as well as a consultation group led by Psychoanalyst Yavuz Erten. I received intensive online psychoanalytic psychotherapy training with an interpersonal\/relational psychoanalysis focus from the William Alanson White Institute. I also completed the Introduction to Relational Psychoanalysis Seminars offered by the International Association for Relational Psychoanalysis and Psychotherapy (IARPP). In addition, I was accepted into the Contemporary Perspectives of Psychoanalysis Fellowship program at the Institute of Contemporary Psychotherapy + Psychoanalysis, where I received additional training in contemporary psychoanalytic thinking.\u00a0 \u00a0<\/p>\n<p><!-- \/wp:paragraph --><!-- wp:paragraph --><\/p>\n<p>I have been conducting psychotherapy sessions since my master\u2019s training, including during my years as an academic. Since relocating abroad in 2022, I have been continuing my clinical work online.<\/p>\n<p><!-- \/wp:paragraph --><\/p>\t\t\t\t\t\t\t\t<\/div>\n\t\t\t\t<\/div>\n\t\t\t\t\t<\/div>\n\t\t\t\t<\/div>\n\t\t\t\t<\/div>","protected":false},"excerpt":{"rendered":"<p>Orta Do\u011fu Teknik \u00dcniversitesi (ODT\u00dc) Psikoloji B\u00f6l\u00fcm\u00fc\u2019nde lisans ve y\u00fcksek lisans e\u011fitimimi tamamlad\u0131m. Ard\u0131ndan, Dokuz Eyl\u00fcl \u00dcniversitesi Psikoloji doktora program\u0131ndan mezun oldum. Lisans\u00fcst\u00fc \u00f6\u011frenimim boyunca ve sonras\u0131nda \u00e7al\u0131\u015fmalar\u0131ma devam ettim. \u00c7ankaya \u00dcniversitesi ve Maltepe \u00dcniversitesi psikoloji b\u00f6l\u00fcmlerinde akademisyen olarak g\u00f6rev ald\u0131m. Ard\u0131ndan, Yeditepe \u00dcniversitesi psikoloji b\u00f6l\u00fcm\u00fcnde lisans ve y\u00fcksek lisans d\u00fczeyinde dersler vererek\u00a0akademik kariyerime devam [&hellip;]<\/p>","protected":false},"author":1,"featured_media":0,"parent":0,"menu_order":0,"comment_status":"closed","ping_status":"closed","template":"","meta":{"footnotes":""},"class_list":["post-4721","page","type-page","status-publish","hentry"],"yoast_head":"<!-- This site is optimized with the Yoast SEO plugin v24.9 - https:\/\/yoast.com\/wordpress\/plugins\/seo\/ -->\n<title>Hakk\u0131mda - Merve Denizci Nazl\u0131g\u00fcl<\/title>\n<meta name=\"robots\" content=\"index, follow, max-snippet:-1, max-image-preview:large, max-video-preview:-1\" \/>\n<link rel=\"canonical\" href=\"https:\/\/denizcimerve.com\/en\/hakkimda\/\" \/>\n<meta property=\"og:locale\" content=\"en_US\" \/>\n<meta property=\"og:type\" content=\"article\" \/>\n<meta property=\"og:title\" content=\"Hakk\u0131mda - Merve Denizci Nazl\u0131g\u00fcl\" \/>\n<meta property=\"og:description\" content=\"Orta Do\u011fu Teknik \u00dcniversitesi (ODT\u00dc) Psikoloji B\u00f6l\u00fcm\u00fc\u2019nde lisans ve y\u00fcksek lisans e\u011fitimimi tamamlad\u0131m. Ard\u0131ndan, Dokuz Eyl\u00fcl \u00dcniversitesi Psikoloji doktora program\u0131ndan mezun oldum. Lisans\u00fcst\u00fc \u00f6\u011frenimim boyunca ve sonras\u0131nda \u00e7al\u0131\u015fmalar\u0131ma devam ettim. \u00c7ankaya \u00dcniversitesi ve Maltepe \u00dcniversitesi psikoloji b\u00f6l\u00fcmlerinde akademisyen olarak g\u00f6rev ald\u0131m. Ard\u0131ndan, Yeditepe \u00dcniversitesi psikoloji b\u00f6l\u00fcm\u00fcnde lisans ve y\u00fcksek lisans d\u00fczeyinde dersler vererek\u00a0akademik kariyerime devam [&hellip;]\" \/>\n<meta property=\"og:url\" content=\"https:\/\/denizcimerve.com\/en\/hakkimda\/\" \/>\n<meta property=\"og:site_name\" content=\"Merve Denizci Nazl\u0131g\u00fcl\" \/>\n<meta property=\"article:modified_time\" content=\"2026-03-04T04:37:04+00:00\" \/>\n<meta property=\"og:image\" content=\"https:\/\/denizcimerve.com\/wp-content\/uploads\/2025\/02\/ee-300x280.png\" \/>\n<meta name=\"twitter:card\" content=\"summary_large_image\" \/>\n<meta name=\"twitter:label1\" content=\"Est. reading time\" \/>\n\t<meta name=\"twitter:data1\" content=\"2 minutes\" \/>\n<script type=\"application\/ld+json\" class=\"yoast-schema-graph\">{\"@context\":\"https:\/\/schema.org\",\"@graph\":[{\"@type\":\"WebPage\",\"@id\":\"https:\/\/denizcimerve.com\/tr_tr\/hakkimda\/\",\"url\":\"https:\/\/denizcimerve.com\/tr_tr\/hakkimda\/\",\"name\":\"Hakk\u0131mda - Merve Denizci Nazl\u0131g\u00fcl\",\"isPartOf\":{\"@id\":\"https:\/\/denizcimerve.com\/#website\"},\"primaryImageOfPage\":{\"@id\":\"https:\/\/denizcimerve.com\/tr_tr\/hakkimda\/#primaryimage\"},\"image\":{\"@id\":\"https:\/\/denizcimerve.com\/tr_tr\/hakkimda\/#primaryimage\"},\"thumbnailUrl\":\"https:\/\/denizcimerve.com\/wp-content\/uploads\/2025\/02\/ee-300x280.png\",\"datePublished\":\"2025-02-01T21:22:27+00:00\",\"dateModified\":\"2026-03-04T04:37:04+00:00\",\"breadcrumb\":{\"@id\":\"https:\/\/denizcimerve.com\/tr_tr\/hakkimda\/#breadcrumb\"},\"inLanguage\":\"en-US\",\"potentialAction\":[{\"@type\":\"ReadAction\",\"target\":[\"https:\/\/denizcimerve.com\/tr_tr\/hakkimda\/\"]}]},{\"@type\":\"ImageObject\",\"inLanguage\":\"en-US\",\"@id\":\"https:\/\/denizcimerve.com\/tr_tr\/hakkimda\/#primaryimage\",\"url\":\"https:\/\/denizcimerve.com\/wp-content\/uploads\/2025\/02\/ee-300x280.png\",\"contentUrl\":\"https:\/\/denizcimerve.com\/wp-content\/uploads\/2025\/02\/ee-300x280.png\"},{\"@type\":\"BreadcrumbList\",\"@id\":\"https:\/\/denizcimerve.com\/tr_tr\/hakkimda\/#breadcrumb\",\"itemListElement\":[{\"@type\":\"ListItem\",\"position\":1,\"name\":\"Anasayfa\",\"item\":\"https:\/\/denizcimerve.com\/\"},{\"@type\":\"ListItem\",\"position\":2,\"name\":\"Hakk\u0131mda\"}]},{\"@type\":\"WebSite\",\"@id\":\"https:\/\/denizcimerve.com\/#website\",\"url\":\"https:\/\/denizcimerve.com\/\",\"name\":\"Merve Denizci Nazl\u0131g\u00fcl\",\"description\":\"\",\"publisher\":{\"@id\":\"https:\/\/denizcimerve.com\/#\/schema\/person\/079fe18b4e73d7f643bac44fd00168cd\"},\"potentialAction\":[{\"@type\":\"SearchAction\",\"target\":{\"@type\":\"EntryPoint\",\"urlTemplate\":\"https:\/\/denizcimerve.com\/?s={search_term_string}\"},\"query-input\":{\"@type\":\"PropertyValueSpecification\",\"valueRequired\":true,\"valueName\":\"search_term_string\"}}],\"inLanguage\":\"en-US\"},{\"@type\":[\"Person\",\"Organization\"],\"@id\":\"https:\/\/denizcimerve.com\/#\/schema\/person\/079fe18b4e73d7f643bac44fd00168cd\",\"name\":\"admin\",\"image\":{\"@type\":\"ImageObject\",\"inLanguage\":\"en-US\",\"@id\":\"https:\/\/denizcimerve.com\/#\/schema\/person\/image\/\",\"url\":\"https:\/\/denizcimerve.com\/wp-content\/uploads\/2025\/02\/ee.png\",\"contentUrl\":\"https:\/\/denizcimerve.com\/wp-content\/uploads\/2025\/02\/ee.png\",\"width\":583,\"height\":544,\"caption\":\"admin\"},\"logo\":{\"@id\":\"https:\/\/denizcimerve.com\/#\/schema\/person\/image\/\"},\"sameAs\":[\"https:\/\/desteko.com\/mer\"]}]}<\/script>\n<!-- \/ Yoast SEO plugin. -->","yoast_head_json":{"title":"Hakk\u0131mda - Merve Denizci Nazl\u0131g\u00fcl","robots":{"index":"index","follow":"follow","max-snippet":"max-snippet:-1","max-image-preview":"max-image-preview:large","max-video-preview":"max-video-preview:-1"},"canonical":"https:\/\/denizcimerve.com\/en\/hakkimda\/","og_locale":"en_US","og_type":"article","og_title":"Hakk\u0131mda - Merve Denizci Nazl\u0131g\u00fcl","og_description":"Orta Do\u011fu Teknik \u00dcniversitesi (ODT\u00dc) Psikoloji B\u00f6l\u00fcm\u00fc\u2019nde lisans ve y\u00fcksek lisans e\u011fitimimi tamamlad\u0131m. Ard\u0131ndan, Dokuz Eyl\u00fcl \u00dcniversitesi Psikoloji doktora program\u0131ndan mezun oldum. Lisans\u00fcst\u00fc \u00f6\u011frenimim boyunca ve sonras\u0131nda \u00e7al\u0131\u015fmalar\u0131ma devam ettim. \u00c7ankaya \u00dcniversitesi ve Maltepe \u00dcniversitesi psikoloji b\u00f6l\u00fcmlerinde akademisyen olarak g\u00f6rev ald\u0131m. Ard\u0131ndan, Yeditepe \u00dcniversitesi psikoloji b\u00f6l\u00fcm\u00fcnde lisans ve y\u00fcksek lisans d\u00fczeyinde dersler vererek\u00a0akademik kariyerime devam [&hellip;]","og_url":"https:\/\/denizcimerve.com\/en\/hakkimda\/","og_site_name":"Merve Denizci Nazl\u0131g\u00fcl","article_modified_time":"2026-03-04T04:37:04+00:00","og_image":[{"url":"https:\/\/denizcimerve.com\/wp-content\/uploads\/2025\/02\/ee-300x280.png","type":"","width":"","height":""}],"twitter_card":"summary_large_image","twitter_misc":{"Est. reading time":"2 minutes"},"schema":{"@context":"https:\/\/schema.org","@graph":[{"@type":"WebPage","@id":"https:\/\/denizcimerve.com\/tr_tr\/hakkimda\/","url":"https:\/\/denizcimerve.com\/tr_tr\/hakkimda\/","name":"Hakk\u0131mda - Merve Denizci Nazl\u0131g\u00fcl","isPartOf":{"@id":"https:\/\/denizcimerve.com\/#website"},"primaryImageOfPage":{"@id":"https:\/\/denizcimerve.com\/tr_tr\/hakkimda\/#primaryimage"},"image":{"@id":"https:\/\/denizcimerve.com\/tr_tr\/hakkimda\/#primaryimage"},"thumbnailUrl":"https:\/\/denizcimerve.com\/wp-content\/uploads\/2025\/02\/ee-300x280.png","datePublished":"2025-02-01T21:22:27+00:00","dateModified":"2026-03-04T04:37:04+00:00","breadcrumb":{"@id":"https:\/\/denizcimerve.com\/tr_tr\/hakkimda\/#breadcrumb"},"inLanguage":"en-US","potentialAction":[{"@type":"ReadAction","target":["https:\/\/denizcimerve.com\/tr_tr\/hakkimda\/"]}]},{"@type":"ImageObject","inLanguage":"en-US","@id":"https:\/\/denizcimerve.com\/tr_tr\/hakkimda\/#primaryimage","url":"https:\/\/denizcimerve.com\/wp-content\/uploads\/2025\/02\/ee-300x280.png","contentUrl":"https:\/\/denizcimerve.com\/wp-content\/uploads\/2025\/02\/ee-300x280.png"},{"@type":"BreadcrumbList","@id":"https:\/\/denizcimerve.com\/tr_tr\/hakkimda\/#breadcrumb","itemListElement":[{"@type":"ListItem","position":1,"name":"Anasayfa","item":"https:\/\/denizcimerve.com\/"},{"@type":"ListItem","position":2,"name":"Hakk\u0131mda"}]},{"@type":"WebSite","@id":"https:\/\/denizcimerve.com\/#website","url":"https:\/\/denizcimerve.com\/","name":"Merve Denizci Nazl\u0131g\u00fcl","description":"","publisher":{"@id":"https:\/\/denizcimerve.com\/#\/schema\/person\/079fe18b4e73d7f643bac44fd00168cd"},"potentialAction":[{"@type":"SearchAction","target":{"@type":"EntryPoint","urlTemplate":"https:\/\/denizcimerve.com\/?s={search_term_string}"},"query-input":{"@type":"PropertyValueSpecification","valueRequired":true,"valueName":"search_term_string"}}],"inLanguage":"en-US"},{"@type":["Person","Organization"],"@id":"https:\/\/denizcimerve.com\/#\/schema\/person\/079fe18b4e73d7f643bac44fd00168cd","name":"admin","image":{"@type":"ImageObject","inLanguage":"en-US","@id":"https:\/\/denizcimerve.com\/#\/schema\/person\/image\/","url":"https:\/\/denizcimerve.com\/wp-content\/uploads\/2025\/02\/ee.png","contentUrl":"https:\/\/denizcimerve.com\/wp-content\/uploads\/2025\/02\/ee.png","width":583,"height":544,"caption":"admin"},"logo":{"@id":"https:\/\/denizcimerve.com\/#\/schema\/person\/image\/"},"sameAs":["https:\/\/desteko.com\/mer"]}]}},"_links":{"self":[{"href":"https:\/\/denizcimerve.com\/en\/wp-json\/wp\/v2\/pages\/4721","targetHints":{"allow":["GET"]}}],"collection":[{"href":"https:\/\/denizcimerve.com\/en\/wp-json\/wp\/v2\/pages"}],"about":[{"href":"https:\/\/denizcimerve.com\/en\/wp-json\/wp\/v2\/types\/page"}],"author":[{"embeddable":true,"href":"https:\/\/denizcimerve.com\/en\/wp-json\/wp\/v2\/users\/1"}],"replies":[{"embeddable":true,"href":"https:\/\/denizcimerve.com\/en\/wp-json\/wp\/v2\/comments?post=4721"}],"version-history":[{"count":27,"href":"https:\/\/denizcimerve.com\/en\/wp-json\/wp\/v2\/pages\/4721\/revisions"}],"predecessor-version":[{"id":5023,"href":"https:\/\/denizcimerve.com\/en\/wp-json\/wp\/v2\/pages\/4721\/revisions\/5023"}],"wp:attachment":[{"href":"https:\/\/denizcimerve.com\/en\/wp-json\/wp\/v2\/media?parent=4721"}],"curies":[{"name":"wp","href":"https:\/\/api.w.org\/{rel}","templated":true}]}}