{"id":4223,"date":"2017-07-25T15:57:56","date_gmt":"2017-07-25T15:57:56","guid":{"rendered":"http:\/\/businesslounge-elementor.rtthemes.com\/?page_id=4223"},"modified":"2025-04-27T16:57:50","modified_gmt":"2025-04-27T16:57:50","slug":"contact-us-3","status":"publish","type":"page","link":"https:\/\/denizcimerve.com\/tr_tr\/contact-us-3\/","title":{"rendered":"\u0130leti\u015fim"},"content":{"rendered":"\t\t<div data-elementor-type=\"wp-post\" data-elementor-id=\"4223\" class=\"elementor elementor-4223\">\n\t\t\t\t\t\t<section class=\"elementor-section elementor-top-section elementor-element elementor-element-prnjmod elementor-section-boxed elementor-section-height-default elementor-section-height-default default-style\" data-id=\"prnjmod\" data-element_type=\"section\" data-settings=\"{&quot;rt_color_sets&quot;:&quot;default-style&quot;}\">\n\t\t\t\t\t\t<div class=\"elementor-container elementor-column-gap-wider\">\n\t\t\t\t\t<div class=\"elementor-column elementor-col-100 elementor-top-column elementor-element elementor-element-izegamh\" data-id=\"izegamh\" data-element_type=\"column\">\n\t\t\t<div class=\"elementor-widget-wrap elementor-element-populated\">\n\t\t\t\t\t\t<div class=\"elementor-element elementor-element-vax6fby elementor-position-left elementor-vertical-align-middle elementor-view-default elementor-mobile-position-top elementor-widget elementor-widget-icon-box\" data-id=\"vax6fby\" data-element_type=\"widget\" data-widget_type=\"icon-box.default\">\n\t\t\t\t<div class=\"elementor-widget-container\">\n\t\t\t\t\t\t\t<div class=\"elementor-icon-box-wrapper\">\n\n\t\t\t\t\t\t<div class=\"elementor-icon-box-icon\">\n\t\t\t\t<span  class=\"elementor-icon\">\n\t\t\t\t<i aria-hidden=\"true\" class=\"fasrt-elementor-icon icon-basic-mail\"><\/i>\t\t\t\t<\/span>\n\t\t\t<\/div>\n\t\t\t\n\t\t\t\t\t\t<div class=\"elementor-icon-box-content\">\n\n\t\t\t\t\t\t\t\t\t<h6 class=\"elementor-icon-box-title\">\n\t\t\t\t\t\t<span  >\n\t\t\t\t\t\t\t<a data-auto-recognition=\"true\" href=\"mailto:mervedenizcinazligul@gmail.com\" class=\"wixui-rich-text__text\" style=\"background-position: initial; border: 0px; margin: 0px; outline: 0px; padding: 0px; vertical-align: baseline; cursor: pointer; -webkit-tap-highlight-color: rgba(0, 0, 0, 0); text-align: center; font-family: avenir-lt-w01_35-light1475496, sans-serif; font-size: 15px; font-weight: 400; white-space-collapse: collapse;\">mervedenizcinazligul@gmail.com<\/a>\t\t\t\t\t\t<\/span>\n\t\t\t\t\t<\/h6>\n\t\t\t\t\n\t\t\t\t\n\t\t\t<\/div>\n\t\t\t\n\t\t<\/div>\n\t\t\t\t\t\t<\/div>\n\t\t\t\t<\/div>\n\t\t\t\t\t<\/div>\n\t\t<\/div>\n\t\t\t\t\t<\/div>\n\t\t<\/section>\n\t\t\t\t<section class=\"elementor-section elementor-top-section elementor-element elementor-element-tf4z98n elementor-section-boxed elementor-section-height-default elementor-section-height-default default-style\" data-id=\"tf4z98n\" data-element_type=\"section\" data-settings=\"{&quot;background_background&quot;:&quot;classic&quot;,&quot;rt_color_sets&quot;:&quot;default-style&quot;}\">\n\t\t\t\t\t\t<div class=\"elementor-container elementor-column-gap-wider\">\n\t\t\t\t\t<div class=\"elementor-column elementor-col-100 elementor-top-column elementor-element elementor-element-5s9yas5\" data-id=\"5s9yas5\" data-element_type=\"column\">\n\t\t\t<div class=\"elementor-widget-wrap elementor-element-populated\">\n\t\t\t\t\t\t<div class=\"elementor-element elementor-element-n9adbma elementor-widget elementor-widget-rt-heading\" data-id=\"n9adbma\" data-element_type=\"widget\" data-widget_type=\"rt-heading.default\">\n\t\t\t\t<div class=\"elementor-widget-container\">\n\t\t\t\t\t<div class=\"rt-heading-wrapper style-6\">\n\t\t\t\t\t\t<H5 class=\"rt-heading style-6\" >\u0130leti\u015fim Formu<\/H5>\n\t\t\t\t\t<\/div>\t\t\t\t<\/div>\n\t\t\t\t<\/div>\n\t\t\t\t<div class=\"elementor-element elementor-element-ygm9ytw elementor-widget elementor-widget-text-editor\" data-id=\"ygm9ytw\" data-element_type=\"widget\" data-widget_type=\"text-editor.default\">\n\t\t\t\t<div class=\"elementor-widget-container\">\n\t\t\t\t\t\t\t\t\t<p>Bilgi almak i\u00e7in bana ileti\u015fim kutusundan mesaj g\u00f6nderebilir ya da e-mail yoluyla ula\u015fabilirsiniz.<\/p>\t\t\t\t\t\t\t\t<\/div>\n\t\t\t\t<\/div>\n\t\t\t\t<div class=\"elementor-element elementor-element-hwtwbtg elementor-widget elementor-widget-rt-contact-form\" data-id=\"hwtwbtg\" data-element_type=\"widget\" data-widget_type=\"rt-contact-form.default\">\n\t\t\t\t<div class=\"elementor-widget-container\">\n\t\t\t\t\t\n\t\t<!-- contact form -->\n\t\t<div  class=\"contact_form  dynamic-class-768249\">\n\t\t<div class=\"clear\"><\/div><div class=\"result\"><\/div>\n\t\t\t<form action=\"#\" name=\"contact_form\" class=\"validate_form rt_form\" method=\"post\">\n\t\t\t\t<ul>\n\t\t\t\t\t<li class=\"form-input\"><input placeholder=\"Your Name: (*)\" id=\"name\" type=\"text\" name=\"name\" value=\"\" class=\"required\" \/> <\/li>\n\t\t\t\t\t<li class=\"form-input\"><input placeholder=\"Your Email: (*)\" id=\"email\" type=\"email\" name=\"email\" value=\"\" class=\"required email\" \/><\/li>\n\t\t\t\t\t<li class=\"form-input\"><textarea placeholder=\"Your Message: (*)\" id=\"message\" name=\"message\" rows=\"8\" cols=\"40\" class=\"required\"><\/textarea><\/li>\n\t\t\t\t\t\t\t\t\n\t\t\t\t\t<li class=\"security-question\">2 + 82 = <input id=\"math\" placeholder=\"?\" type=\"text\" name=\"math\" value=\"\" class=\"required\" \/><\/li>\n\t\t\t\t\t<li class=\"submit-button\">\n\t\t\t\t\t<input type=\"hidden\" name=\"your_email\" value=\"bWVydmVkZW5pemNpbmF6bGlndWxAZ21haWwuY29t\"><input type=\"hidden\" name=\"dynamic_class\" value=\"dynamic-class-768249\"><input type=\"hidden\" name=\"rt_form_data\" value=\"ODQ=\"><input type=\"button\" class=\"button submit\" value=\"Send\"  \/><span class=\"loading\"><\/span>\n\t\t\t\t\t<\/li>\n\t\t\t\t<\/ul>\n\t\t\t<\/form>\n\t\t<\/div><div class=\"clear\"><\/div>\n\t\t<!-- \/contact form -->\t\t\t\t<\/div>\n\t\t\t\t<\/div>\n\t\t\t\t\t<\/div>\n\t\t<\/div>\n\t\t\t\t\t<\/div>\n\t\t<\/section>\n\t\t\t\t<\/div>\n\t\t","protected":false},"excerpt":{"rendered":"<p>mervedenizcinazligul@gmail.com \u0130leti\u015fim Formu Bilgi almak i\u00e7in bana ileti\u015fim kutusundan mesaj g\u00f6nderebilir ya da e-mail yoluyla ula\u015fabilirsiniz. 7 + 28 =<\/p>\n","protected":false},"author":1,"featured_media":0,"parent":0,"menu_order":0,"comment_status":"closed","ping_status":"closed","template":"","meta":{"footnotes":""},"class_list":["post-4223","page","type-page","status-publish","hentry"],"yoast_head":"<!-- This site is optimized with the Yoast SEO plugin v24.9 - https:\/\/yoast.com\/wordpress\/plugins\/seo\/ -->\n<title>\u0130leti\u015fim - Merve Denizci Nazl\u0131g\u00fcl<\/title>\n<meta name=\"robots\" content=\"index, follow, max-snippet:-1, max-image-preview:large, max-video-preview:-1\" \/>\n<link rel=\"canonical\" href=\"https:\/\/denizcimerve.com\/tr_tr\/contact-us-3\/\" \/>\n<meta property=\"og:locale\" content=\"tr_TR\" \/>\n<meta property=\"og:type\" content=\"article\" \/>\n<meta property=\"og:title\" content=\"\u0130leti\u015fim - Merve Denizci Nazl\u0131g\u00fcl\" \/>\n<meta property=\"og:description\" content=\"mervedenizcinazligul@gmail.com \u0130leti\u015fim Formu Bilgi almak i\u00e7in bana ileti\u015fim kutusundan mesaj g\u00f6nderebilir ya da e-mail yoluyla ula\u015fabilirsiniz. 7 + 28 =\" \/>\n<meta property=\"og:url\" content=\"https:\/\/denizcimerve.com\/tr_tr\/contact-us-3\/\" \/>\n<meta property=\"og:site_name\" content=\"Merve Denizci Nazl\u0131g\u00fcl\" \/>\n<meta property=\"article:modified_time\" content=\"2025-04-27T16:57:50+00:00\" \/>\n<meta name=\"twitter:card\" content=\"summary_large_image\" \/>\n<script type=\"application\/ld+json\" class=\"yoast-schema-graph\">{\"@context\":\"https:\/\/schema.org\",\"@graph\":[{\"@type\":\"WebPage\",\"@id\":\"https:\/\/denizcimerve.com\/contact-us-3\/\",\"url\":\"https:\/\/denizcimerve.com\/contact-us-3\/\",\"name\":\"\u0130leti\u015fim - Merve Denizci Nazl\u0131g\u00fcl\",\"isPartOf\":{\"@id\":\"https:\/\/denizcimerve.com\/#website\"},\"datePublished\":\"2017-07-25T15:57:56+00:00\",\"dateModified\":\"2025-04-27T16:57:50+00:00\",\"breadcrumb\":{\"@id\":\"https:\/\/denizcimerve.com\/contact-us-3\/#breadcrumb\"},\"inLanguage\":\"tr\",\"potentialAction\":[{\"@type\":\"ReadAction\",\"target\":[\"https:\/\/denizcimerve.com\/contact-us-3\/\"]}]},{\"@type\":\"BreadcrumbList\",\"@id\":\"https:\/\/denizcimerve.com\/contact-us-3\/#breadcrumb\",\"itemListElement\":[{\"@type\":\"ListItem\",\"position\":1,\"name\":\"Anasayfa\",\"item\":\"https:\/\/denizcimerve.com\/\"},{\"@type\":\"ListItem\",\"position\":2,\"name\":\"\u0130leti\u015fim\"}]},{\"@type\":\"WebSite\",\"@id\":\"https:\/\/denizcimerve.com\/#website\",\"url\":\"https:\/\/denizcimerve.com\/\",\"name\":\"Merve Denizci Nazl\u0131g\u00fcl\",\"description\":\"\",\"publisher\":{\"@id\":\"https:\/\/denizcimerve.com\/#\/schema\/person\/079fe18b4e73d7f643bac44fd00168cd\"},\"potentialAction\":[{\"@type\":\"SearchAction\",\"target\":{\"@type\":\"EntryPoint\",\"urlTemplate\":\"https:\/\/denizcimerve.com\/?s={search_term_string}\"},\"query-input\":{\"@type\":\"PropertyValueSpecification\",\"valueRequired\":true,\"valueName\":\"search_term_string\"}}],\"inLanguage\":\"tr\"},{\"@type\":[\"Person\",\"Organization\"],\"@id\":\"https:\/\/denizcimerve.com\/#\/schema\/person\/079fe18b4e73d7f643bac44fd00168cd\",\"name\":\"admin\",\"image\":{\"@type\":\"ImageObject\",\"inLanguage\":\"tr\",\"@id\":\"https:\/\/denizcimerve.com\/#\/schema\/person\/image\/\",\"url\":\"https:\/\/denizcimerve.com\/wp-content\/uploads\/2025\/02\/ee.png\",\"contentUrl\":\"https:\/\/denizcimerve.com\/wp-content\/uploads\/2025\/02\/ee.png\",\"width\":583,\"height\":544,\"caption\":\"admin\"},\"logo\":{\"@id\":\"https:\/\/denizcimerve.com\/#\/schema\/person\/image\/\"},\"sameAs\":[\"https:\/\/desteko.com\/mer\"]}]}<\/script>\n<!-- \/ Yoast SEO plugin. -->","yoast_head_json":{"title":"\u0130leti\u015fim - Merve Denizci Nazl\u0131g\u00fcl","robots":{"index":"index","follow":"follow","max-snippet":"max-snippet:-1","max-image-preview":"max-image-preview:large","max-video-preview":"max-video-preview:-1"},"canonical":"https:\/\/denizcimerve.com\/tr_tr\/contact-us-3\/","og_locale":"tr_TR","og_type":"article","og_title":"\u0130leti\u015fim - Merve Denizci Nazl\u0131g\u00fcl","og_description":"mervedenizcinazligul@gmail.com \u0130leti\u015fim Formu Bilgi almak i\u00e7in bana ileti\u015fim kutusundan mesaj g\u00f6nderebilir ya da e-mail yoluyla ula\u015fabilirsiniz. 7 + 28 =","og_url":"https:\/\/denizcimerve.com\/tr_tr\/contact-us-3\/","og_site_name":"Merve Denizci Nazl\u0131g\u00fcl","article_modified_time":"2025-04-27T16:57:50+00:00","twitter_card":"summary_large_image","schema":{"@context":"https:\/\/schema.org","@graph":[{"@type":"WebPage","@id":"https:\/\/denizcimerve.com\/contact-us-3\/","url":"https:\/\/denizcimerve.com\/contact-us-3\/","name":"\u0130leti\u015fim - Merve Denizci Nazl\u0131g\u00fcl","isPartOf":{"@id":"https:\/\/denizcimerve.com\/#website"},"datePublished":"2017-07-25T15:57:56+00:00","dateModified":"2025-04-27T16:57:50+00:00","breadcrumb":{"@id":"https:\/\/denizcimerve.com\/contact-us-3\/#breadcrumb"},"inLanguage":"tr","potentialAction":[{"@type":"ReadAction","target":["https:\/\/denizcimerve.com\/contact-us-3\/"]}]},{"@type":"BreadcrumbList","@id":"https:\/\/denizcimerve.com\/contact-us-3\/#breadcrumb","itemListElement":[{"@type":"ListItem","position":1,"name":"Anasayfa","item":"https:\/\/denizcimerve.com\/"},{"@type":"ListItem","position":2,"name":"\u0130leti\u015fim"}]},{"@type":"WebSite","@id":"https:\/\/denizcimerve.com\/#website","url":"https:\/\/denizcimerve.com\/","name":"Merve Denizci Nazl\u0131g\u00fcl","description":"","publisher":{"@id":"https:\/\/denizcimerve.com\/#\/schema\/person\/079fe18b4e73d7f643bac44fd00168cd"},"potentialAction":[{"@type":"SearchAction","target":{"@type":"EntryPoint","urlTemplate":"https:\/\/denizcimerve.com\/?s={search_term_string}"},"query-input":{"@type":"PropertyValueSpecification","valueRequired":true,"valueName":"search_term_string"}}],"inLanguage":"tr"},{"@type":["Person","Organization"],"@id":"https:\/\/denizcimerve.com\/#\/schema\/person\/079fe18b4e73d7f643bac44fd00168cd","name":"admin","image":{"@type":"ImageObject","inLanguage":"tr","@id":"https:\/\/denizcimerve.com\/#\/schema\/person\/image\/","url":"https:\/\/denizcimerve.com\/wp-content\/uploads\/2025\/02\/ee.png","contentUrl":"https:\/\/denizcimerve.com\/wp-content\/uploads\/2025\/02\/ee.png","width":583,"height":544,"caption":"admin"},"logo":{"@id":"https:\/\/denizcimerve.com\/#\/schema\/person\/image\/"},"sameAs":["https:\/\/desteko.com\/mer"]}]}},"_links":{"self":[{"href":"https:\/\/denizcimerve.com\/tr_tr\/wp-json\/wp\/v2\/pages\/4223","targetHints":{"allow":["GET"]}}],"collection":[{"href":"https:\/\/denizcimerve.com\/tr_tr\/wp-json\/wp\/v2\/pages"}],"about":[{"href":"https:\/\/denizcimerve.com\/tr_tr\/wp-json\/wp\/v2\/types\/page"}],"author":[{"embeddable":true,"href":"https:\/\/denizcimerve.com\/tr_tr\/wp-json\/wp\/v2\/users\/1"}],"replies":[{"embeddable":true,"href":"https:\/\/denizcimerve.com\/tr_tr\/wp-json\/wp\/v2\/comments?post=4223"}],"version-history":[{"count":10,"href":"https:\/\/denizcimerve.com\/tr_tr\/wp-json\/wp\/v2\/pages\/4223\/revisions"}],"predecessor-version":[{"id":4979,"href":"https:\/\/denizcimerve.com\/tr_tr\/wp-json\/wp\/v2\/pages\/4223\/revisions\/4979"}],"wp:attachment":[{"href":"https:\/\/denizcimerve.com\/tr_tr\/wp-json\/wp\/v2\/media?parent=4223"}],"curies":[{"name":"wp","href":"https:\/\/api.w.org\/{rel}","templated":true}]}}