{"id":4721,"date":"2025-02-01T21:22:27","date_gmt":"2025-02-01T21:22:27","guid":{"rendered":"https:\/\/desteko.com\/mer\/?page_id=4721"},"modified":"2026-03-04T04:37:04","modified_gmt":"2026-03-04T04:37:04","slug":"hakkimda","status":"publish","type":"page","link":"https:\/\/denizcimerve.com\/tr_tr\/hakkimda\/","title":{"rendered":"Hakk\u0131mda"},"content":{"rendered":"\t\t<div data-elementor-type=\"wp-page\" data-elementor-id=\"4721\" class=\"elementor elementor-4721\">\n\t\t\t\t<div class=\"elementor-element elementor-element-6e834331 e-flex e-con-boxed default-style e-con e-parent\" data-id=\"6e834331\" data-element_type=\"container\" data-settings=\"{&quot;rt_color_sets&quot;:&quot;default-style&quot;}\">\n\t\t\t\t\t<div class=\"e-con-inner\">\n\t\t\t\t<div class=\"elementor-element elementor-element-6e1763a1 elementor-widget elementor-widget-text-editor\" data-id=\"6e1763a1\" data-element_type=\"widget\" data-widget_type=\"text-editor.default\">\n\t\t\t\t<div class=\"elementor-widget-container\">\n\t\t\t\t\t\t\t\t\t<figure><img fetchpriority=\"high\" decoding=\"async\" class=\"alignright\" style=\"width: 366px; height: auto;\" src=\"https:\/\/denizcimerve.com\/wp-content\/uploads\/2025\/02\/ee-300x280.png\" alt=\"\" width=\"300\" height=\"280\" \/><\/figure>\n<p><!-- \/wp:image --><!-- wp:paragraph --><\/p>\n<p>Orta Do\u011fu Teknik \u00dcniversitesi (ODT\u00dc) Psikoloji B\u00f6l\u00fcm\u00fc\u2019nde lisans ve y\u00fcksek lisans e\u011fitimimi tamamlad\u0131m. Ard\u0131ndan, Dokuz Eyl\u00fcl \u00dcniversitesi Psikoloji doktora program\u0131ndan mezun oldum.<\/p>\n<p><!-- \/wp:paragraph --><!-- wp:paragraph --><\/p>\n<p>Lisans\u00fcst\u00fc \u00f6\u011frenimim boyunca ve sonras\u0131nda \u00e7al\u0131\u015fmalar\u0131ma devam ettim. \u00c7ankaya \u00dcniversitesi ve Maltepe \u00dcniversitesi psikoloji b\u00f6l\u00fcmlerinde akademisyen olarak g\u00f6rev ald\u0131m. Ard\u0131ndan, Yeditepe \u00dcniversitesi psikoloji b\u00f6l\u00fcm\u00fcnde lisans ve y\u00fcksek lisans d\u00fczeyinde dersler vererek\u00a0akademik kariyerime devam ettim. Ayn\u0131 zamanda, Yeditepe \u00dcniversitesi Psikoloji b\u00f6l\u00fcm\u00fc Klinik Psikoloji Y\u00fcksek Lisans e\u011fitimi koordinat\u00f6rl\u00fc\u011f\u00fcn\u00fc y\u00fcr\u00fctt\u00fcm.\u00a0<\/p>\n<p>Psikanalist Yavuz Erten&#8217;in verdi\u011fi &#8216;Psikanalizden Dinamik Psikoterapilere&#8217; ve &#8216;Dinamik Psikoterapide Teknik ile Pratik&#8217; e\u011fitimlerini ve kons\u00fcltasyon grubunu tamamlad\u0131m. William Alanson White Institute taraf\u0131ndan verilen ki\u015fileraras\u0131\/ili\u015fkisel psikanaliz odakl\u0131 yo\u011funla\u015ft\u0131r\u0131lm\u0131\u015f \u00e7evrimi\u00e7i psikanalitik psikoterapi e\u011fitimini ald\u0131m. The International Association for Relational Psychoanalysis and Psychotherapy taraf\u0131ndan verilen \u0130li\u015fkisel Psikanalize Giri\u015f Seminerlerini tamamlad\u0131m. The Institute of Contemporary Psychotherapy+Psychoanalysis b\u00fcnyesinde Contemporary Perspectives of Psychoanalysis Fellowship program\u0131na kabul edilerek \u00e7a\u011fda\u015f psikanaliz ile ilgili e\u011fitim almaya hak kazand\u0131m.\u00a0 \u00a0<\/p>\n<p><!-- \/wp:paragraph --><!-- wp:paragraph --><\/p>\n<p>Akademisyen olarak \u00e7al\u0131\u015ft\u0131\u011f\u0131m y\u0131llar da dahil olmak \u00fczere y\u00fcksek lisans e\u011fitimimden itibaren psikoterapi g\u00f6r\u00fc\u015fmelerimi s\u00fcrd\u00fcrmekteyim. 2022 y\u0131l\u0131nda yurt d\u0131\u015f\u0131na yerle\u015fti\u011fimden dolay\u0131 \u00e7al\u0131\u015fmalar\u0131m\u0131 \u00e7evrimi\u00e7i (online) olarak y\u00fcr\u00fctmekteyim.<\/p>\n<p><!-- \/wp:paragraph --><\/p>\t\t\t\t\t\t\t\t<\/div>\n\t\t\t\t<\/div>\n\t\t\t\t\t<\/div>\n\t\t\t\t<\/div>\n\t\t\t\t<\/div>\n\t\t","protected":false},"excerpt":{"rendered":"<p>Orta Do\u011fu Teknik \u00dcniversitesi (ODT\u00dc) Psikoloji B\u00f6l\u00fcm\u00fc\u2019nde lisans ve y\u00fcksek lisans e\u011fitimimi tamamlad\u0131m. Ard\u0131ndan, Dokuz Eyl\u00fcl \u00dcniversitesi Psikoloji doktora program\u0131ndan mezun oldum. Lisans\u00fcst\u00fc \u00f6\u011frenimim boyunca ve sonras\u0131nda \u00e7al\u0131\u015fmalar\u0131ma devam ettim. \u00c7ankaya \u00dcniversitesi ve Maltepe \u00dcniversitesi psikoloji b\u00f6l\u00fcmlerinde akademisyen olarak g\u00f6rev ald\u0131m. Ard\u0131ndan, Yeditepe \u00dcniversitesi psikoloji b\u00f6l\u00fcm\u00fcnde lisans ve y\u00fcksek lisans d\u00fczeyinde dersler vererek\u00a0akademik kariyerime devam [&hellip;]<\/p>\n","protected":false},"author":1,"featured_media":0,"parent":0,"menu_order":0,"comment_status":"closed","ping_status":"closed","template":"","meta":{"footnotes":""},"class_list":["post-4721","page","type-page","status-publish","hentry"],"yoast_head":"<!-- This site is optimized with the Yoast SEO plugin v24.9 - https:\/\/yoast.com\/wordpress\/plugins\/seo\/ -->\n<title>Hakk\u0131mda - Merve Denizci Nazl\u0131g\u00fcl<\/title>\n<meta name=\"robots\" content=\"index, follow, max-snippet:-1, max-image-preview:large, max-video-preview:-1\" \/>\n<link rel=\"canonical\" href=\"https:\/\/denizcimerve.com\/tr_tr\/hakkimda\/\" \/>\n<meta property=\"og:locale\" content=\"tr_TR\" \/>\n<meta property=\"og:type\" content=\"article\" \/>\n<meta property=\"og:title\" content=\"Hakk\u0131mda - Merve Denizci Nazl\u0131g\u00fcl\" \/>\n<meta property=\"og:description\" content=\"Orta Do\u011fu Teknik \u00dcniversitesi (ODT\u00dc) Psikoloji B\u00f6l\u00fcm\u00fc\u2019nde lisans ve y\u00fcksek lisans e\u011fitimimi tamamlad\u0131m. Ard\u0131ndan, Dokuz Eyl\u00fcl \u00dcniversitesi Psikoloji doktora program\u0131ndan mezun oldum. Lisans\u00fcst\u00fc \u00f6\u011frenimim boyunca ve sonras\u0131nda \u00e7al\u0131\u015fmalar\u0131ma devam ettim. \u00c7ankaya \u00dcniversitesi ve Maltepe \u00dcniversitesi psikoloji b\u00f6l\u00fcmlerinde akademisyen olarak g\u00f6rev ald\u0131m. Ard\u0131ndan, Yeditepe \u00dcniversitesi psikoloji b\u00f6l\u00fcm\u00fcnde lisans ve y\u00fcksek lisans d\u00fczeyinde dersler vererek\u00a0akademik kariyerime devam [&hellip;]\" \/>\n<meta property=\"og:url\" content=\"https:\/\/denizcimerve.com\/tr_tr\/hakkimda\/\" \/>\n<meta property=\"og:site_name\" content=\"Merve Denizci Nazl\u0131g\u00fcl\" \/>\n<meta property=\"article:modified_time\" content=\"2026-03-04T04:37:04+00:00\" \/>\n<meta property=\"og:image\" content=\"https:\/\/denizcimerve.com\/wp-content\/uploads\/2025\/02\/ee-300x280.png\" \/>\n<meta name=\"twitter:card\" content=\"summary_large_image\" \/>\n<meta name=\"twitter:label1\" content=\"Tahmini okuma s\u00fcresi\" \/>\n\t<meta name=\"twitter:data1\" content=\"2 dakika\" \/>\n<script type=\"application\/ld+json\" class=\"yoast-schema-graph\">{\"@context\":\"https:\/\/schema.org\",\"@graph\":[{\"@type\":\"WebPage\",\"@id\":\"https:\/\/denizcimerve.com\/tr_tr\/hakkimda\/\",\"url\":\"https:\/\/denizcimerve.com\/tr_tr\/hakkimda\/\",\"name\":\"Hakk\u0131mda - Merve Denizci Nazl\u0131g\u00fcl\",\"isPartOf\":{\"@id\":\"https:\/\/denizcimerve.com\/#website\"},\"primaryImageOfPage\":{\"@id\":\"https:\/\/denizcimerve.com\/tr_tr\/hakkimda\/#primaryimage\"},\"image\":{\"@id\":\"https:\/\/denizcimerve.com\/tr_tr\/hakkimda\/#primaryimage\"},\"thumbnailUrl\":\"https:\/\/denizcimerve.com\/wp-content\/uploads\/2025\/02\/ee-300x280.png\",\"datePublished\":\"2025-02-01T21:22:27+00:00\",\"dateModified\":\"2026-03-04T04:37:04+00:00\",\"breadcrumb\":{\"@id\":\"https:\/\/denizcimerve.com\/tr_tr\/hakkimda\/#breadcrumb\"},\"inLanguage\":\"tr\",\"potentialAction\":[{\"@type\":\"ReadAction\",\"target\":[\"https:\/\/denizcimerve.com\/tr_tr\/hakkimda\/\"]}]},{\"@type\":\"ImageObject\",\"inLanguage\":\"tr\",\"@id\":\"https:\/\/denizcimerve.com\/tr_tr\/hakkimda\/#primaryimage\",\"url\":\"https:\/\/denizcimerve.com\/wp-content\/uploads\/2025\/02\/ee-300x280.png\",\"contentUrl\":\"https:\/\/denizcimerve.com\/wp-content\/uploads\/2025\/02\/ee-300x280.png\"},{\"@type\":\"BreadcrumbList\",\"@id\":\"https:\/\/denizcimerve.com\/tr_tr\/hakkimda\/#breadcrumb\",\"itemListElement\":[{\"@type\":\"ListItem\",\"position\":1,\"name\":\"Anasayfa\",\"item\":\"https:\/\/denizcimerve.com\/\"},{\"@type\":\"ListItem\",\"position\":2,\"name\":\"Hakk\u0131mda\"}]},{\"@type\":\"WebSite\",\"@id\":\"https:\/\/denizcimerve.com\/#website\",\"url\":\"https:\/\/denizcimerve.com\/\",\"name\":\"Merve Denizci Nazl\u0131g\u00fcl\",\"description\":\"\",\"publisher\":{\"@id\":\"https:\/\/denizcimerve.com\/#\/schema\/person\/079fe18b4e73d7f643bac44fd00168cd\"},\"potentialAction\":[{\"@type\":\"SearchAction\",\"target\":{\"@type\":\"EntryPoint\",\"urlTemplate\":\"https:\/\/denizcimerve.com\/?s={search_term_string}\"},\"query-input\":{\"@type\":\"PropertyValueSpecification\",\"valueRequired\":true,\"valueName\":\"search_term_string\"}}],\"inLanguage\":\"tr\"},{\"@type\":[\"Person\",\"Organization\"],\"@id\":\"https:\/\/denizcimerve.com\/#\/schema\/person\/079fe18b4e73d7f643bac44fd00168cd\",\"name\":\"admin\",\"image\":{\"@type\":\"ImageObject\",\"inLanguage\":\"tr\",\"@id\":\"https:\/\/denizcimerve.com\/#\/schema\/person\/image\/\",\"url\":\"https:\/\/denizcimerve.com\/wp-content\/uploads\/2025\/02\/ee.png\",\"contentUrl\":\"https:\/\/denizcimerve.com\/wp-content\/uploads\/2025\/02\/ee.png\",\"width\":583,\"height\":544,\"caption\":\"admin\"},\"logo\":{\"@id\":\"https:\/\/denizcimerve.com\/#\/schema\/person\/image\/\"},\"sameAs\":[\"https:\/\/desteko.com\/mer\"]}]}<\/script>\n<!-- \/ Yoast SEO plugin. -->","yoast_head_json":{"title":"Hakk\u0131mda - Merve Denizci Nazl\u0131g\u00fcl","robots":{"index":"index","follow":"follow","max-snippet":"max-snippet:-1","max-image-preview":"max-image-preview:large","max-video-preview":"max-video-preview:-1"},"canonical":"https:\/\/denizcimerve.com\/tr_tr\/hakkimda\/","og_locale":"tr_TR","og_type":"article","og_title":"Hakk\u0131mda - Merve Denizci Nazl\u0131g\u00fcl","og_description":"Orta Do\u011fu Teknik \u00dcniversitesi (ODT\u00dc) Psikoloji B\u00f6l\u00fcm\u00fc\u2019nde lisans ve y\u00fcksek lisans e\u011fitimimi tamamlad\u0131m. Ard\u0131ndan, Dokuz Eyl\u00fcl \u00dcniversitesi Psikoloji doktora program\u0131ndan mezun oldum. Lisans\u00fcst\u00fc \u00f6\u011frenimim boyunca ve sonras\u0131nda \u00e7al\u0131\u015fmalar\u0131ma devam ettim. \u00c7ankaya \u00dcniversitesi ve Maltepe \u00dcniversitesi psikoloji b\u00f6l\u00fcmlerinde akademisyen olarak g\u00f6rev ald\u0131m. Ard\u0131ndan, Yeditepe \u00dcniversitesi psikoloji b\u00f6l\u00fcm\u00fcnde lisans ve y\u00fcksek lisans d\u00fczeyinde dersler vererek\u00a0akademik kariyerime devam [&hellip;]","og_url":"https:\/\/denizcimerve.com\/tr_tr\/hakkimda\/","og_site_name":"Merve Denizci Nazl\u0131g\u00fcl","article_modified_time":"2026-03-04T04:37:04+00:00","og_image":[{"url":"https:\/\/denizcimerve.com\/wp-content\/uploads\/2025\/02\/ee-300x280.png","type":"","width":"","height":""}],"twitter_card":"summary_large_image","twitter_misc":{"Tahmini okuma s\u00fcresi":"2 dakika"},"schema":{"@context":"https:\/\/schema.org","@graph":[{"@type":"WebPage","@id":"https:\/\/denizcimerve.com\/tr_tr\/hakkimda\/","url":"https:\/\/denizcimerve.com\/tr_tr\/hakkimda\/","name":"Hakk\u0131mda - Merve Denizci Nazl\u0131g\u00fcl","isPartOf":{"@id":"https:\/\/denizcimerve.com\/#website"},"primaryImageOfPage":{"@id":"https:\/\/denizcimerve.com\/tr_tr\/hakkimda\/#primaryimage"},"image":{"@id":"https:\/\/denizcimerve.com\/tr_tr\/hakkimda\/#primaryimage"},"thumbnailUrl":"https:\/\/denizcimerve.com\/wp-content\/uploads\/2025\/02\/ee-300x280.png","datePublished":"2025-02-01T21:22:27+00:00","dateModified":"2026-03-04T04:37:04+00:00","breadcrumb":{"@id":"https:\/\/denizcimerve.com\/tr_tr\/hakkimda\/#breadcrumb"},"inLanguage":"tr","potentialAction":[{"@type":"ReadAction","target":["https:\/\/denizcimerve.com\/tr_tr\/hakkimda\/"]}]},{"@type":"ImageObject","inLanguage":"tr","@id":"https:\/\/denizcimerve.com\/tr_tr\/hakkimda\/#primaryimage","url":"https:\/\/denizcimerve.com\/wp-content\/uploads\/2025\/02\/ee-300x280.png","contentUrl":"https:\/\/denizcimerve.com\/wp-content\/uploads\/2025\/02\/ee-300x280.png"},{"@type":"BreadcrumbList","@id":"https:\/\/denizcimerve.com\/tr_tr\/hakkimda\/#breadcrumb","itemListElement":[{"@type":"ListItem","position":1,"name":"Anasayfa","item":"https:\/\/denizcimerve.com\/"},{"@type":"ListItem","position":2,"name":"Hakk\u0131mda"}]},{"@type":"WebSite","@id":"https:\/\/denizcimerve.com\/#website","url":"https:\/\/denizcimerve.com\/","name":"Merve Denizci Nazl\u0131g\u00fcl","description":"","publisher":{"@id":"https:\/\/denizcimerve.com\/#\/schema\/person\/079fe18b4e73d7f643bac44fd00168cd"},"potentialAction":[{"@type":"SearchAction","target":{"@type":"EntryPoint","urlTemplate":"https:\/\/denizcimerve.com\/?s={search_term_string}"},"query-input":{"@type":"PropertyValueSpecification","valueRequired":true,"valueName":"search_term_string"}}],"inLanguage":"tr"},{"@type":["Person","Organization"],"@id":"https:\/\/denizcimerve.com\/#\/schema\/person\/079fe18b4e73d7f643bac44fd00168cd","name":"admin","image":{"@type":"ImageObject","inLanguage":"tr","@id":"https:\/\/denizcimerve.com\/#\/schema\/person\/image\/","url":"https:\/\/denizcimerve.com\/wp-content\/uploads\/2025\/02\/ee.png","contentUrl":"https:\/\/denizcimerve.com\/wp-content\/uploads\/2025\/02\/ee.png","width":583,"height":544,"caption":"admin"},"logo":{"@id":"https:\/\/denizcimerve.com\/#\/schema\/person\/image\/"},"sameAs":["https:\/\/desteko.com\/mer"]}]}},"_links":{"self":[{"href":"https:\/\/denizcimerve.com\/tr_tr\/wp-json\/wp\/v2\/pages\/4721","targetHints":{"allow":["GET"]}}],"collection":[{"href":"https:\/\/denizcimerve.com\/tr_tr\/wp-json\/wp\/v2\/pages"}],"about":[{"href":"https:\/\/denizcimerve.com\/tr_tr\/wp-json\/wp\/v2\/types\/page"}],"author":[{"embeddable":true,"href":"https:\/\/denizcimerve.com\/tr_tr\/wp-json\/wp\/v2\/users\/1"}],"replies":[{"embeddable":true,"href":"https:\/\/denizcimerve.com\/tr_tr\/wp-json\/wp\/v2\/comments?post=4721"}],"version-history":[{"count":27,"href":"https:\/\/denizcimerve.com\/tr_tr\/wp-json\/wp\/v2\/pages\/4721\/revisions"}],"predecessor-version":[{"id":5023,"href":"https:\/\/denizcimerve.com\/tr_tr\/wp-json\/wp\/v2\/pages\/4721\/revisions\/5023"}],"wp:attachment":[{"href":"https:\/\/denizcimerve.com\/tr_tr\/wp-json\/wp\/v2\/media?parent=4721"}],"curies":[{"name":"wp","href":"https:\/\/api.w.org\/{rel}","templated":true}]}}