{"id":4723,"date":"2025-02-01T21:22:55","date_gmt":"2025-02-01T21:22:55","guid":{"rendered":"https:\/\/desteko.com\/mer\/?page_id=4723"},"modified":"2026-03-10T05:04:35","modified_gmt":"2026-03-10T05:04:35","slug":"akademik-calismalarim","status":"publish","type":"page","link":"https:\/\/denizcimerve.com\/tr_tr\/akademik-calismalarim\/","title":{"rendered":"Akademik \u00c7al\u0131\u015fmalar\u0131m"},"content":{"rendered":"\n<h2 class=\"wp-block-heading\">Makaleler<\/h2>\n\n\n\n<h3 class=\"wp-block-heading\">2025<\/h3>\n\n\n\n<p>Ozer, Z. G., Nazl\u0131g\u00fcl, M. D., Granziol, U., Griffiths, M. D., Alpay, M., T\u00f3th, E., &amp; Szabo, A. (2025). Psychometric validity and reliability of the Turkish Exercise Addiction Inventory-3.\u00a0<em>Addicta: The Turkish Journal on <\/em>Addictions. doi: 10.5152\/ADDICTA.2025.24284<\/p>\n\n\n\n<h3 class=\"wp-block-heading\">2024<\/h3>\n\n\n\n<p>\u00c7ak\u0131c\u0131, K., &amp; Nazl\u0131g\u00fcl, M. D. Gaming disorder in individuals experiencing stress: Cognitive attentional syndrome and metacognitions as mediators.&nbsp;<em>Addicta: The Turkish Journal on Addictions<\/em>. doi:10.5152\/ADDICTA.2024.24009<\/p>\n\n\n\n<h3 class=\"wp-block-heading\">2024<\/h3>\n\n\n\n<p>Chhabra, B., Granziol, U., Griffiths, M. D., Zandonai, T., Landolfi, E., Solmi, M., &#8230; &amp; Szabo, A. (2024). Prevalence of the risk of exercise addiction based on a new classification: A cross-sectional study in 15 countries. I<em>nternational Journal of Mental Health and Addiction<\/em>, 1-22.&nbsp;<a href=\"https:\/\/doi.org\/10.1007\/s11469-024-01322-z\" target=\"_blank\" rel=\"noreferrer noopener\">https:\/\/doi.org\/10.1007\/s11469-024-01322-z<\/a><\/p>\n\n\n\n<h3 class=\"wp-block-heading\">2024<\/h3>\n\n\n\n<p>Chhabra, B., Nazl\u0131g\u00fcl, M. D., &amp; Szabo, A. (2024). Exercise addiction in team sports: A systematic literature review.&nbsp;<em>Scandinavian Journal of Psychology.&nbsp;<\/em><a>\u200b<\/a><\/p>\n\n\n\n<p><a href=\"https:\/\/doi.org\/10.1111\/sjop.13026\u200b\u200b\">https:\/\/doi.org\/10.1111\/sjop.13026\u200b\u200b<\/a><\/p>\n\n\n\n<h3 class=\"wp-block-heading\">2024<\/h3>\n\n\n\n<p>Kaynak, H., Denizci Nazl\u0131g\u00fcl, M., &amp; Cengil, B. B. (2024). Your need for cognition, cognitive flexibility, and cognitive emotion regulation strategies matter! The path beyond a satisfied life. T<em>he Journal of Psychology<\/em>, 1\u201316.<\/p>\n\n\n\n<p><a href=\"https:\/\/doi.org\/10.1080\/00223980.2024.2352730\">https:\/\/doi.org\/10.1080\/00223980.2024.2352730<\/a><\/p>\n\n\n\n<h3 class=\"wp-block-heading\">2023<\/h3>\n\n\n\n<p>Denizci Nazl\u0131g\u00fcl, M. &amp; Y\u0131lmaz, A. E. (2023). Testing fear of COVID-19, difficulties in emotion regulation, state anxiety as predictors of withdrawal effects of problematic exercise behavior: A serial mediation model.&nbsp;<em>International Journal of Sport and Exercise Psychology.&nbsp;<\/em><a>\u200b<\/a><\/p>\n\n\n\n<p><a href=\"https:\/\/doi.org\/10.1080\/1612197X.2023.2247001\">https:\/\/doi.org\/10.1080\/1612197X.2023.2247001<\/a><\/p>\n\n\n\n<h3 class=\"wp-block-heading\">2023<\/h3>\n\n\n\n<p>Nazlig\u00fcl, M. D., Yilmaz, A. E., &amp; Griffiths, M. D. (2023). Gaming addiction and exercise addiction: To what extent are they the same or different in terms of emotional abuse and\/or emotional neglect etiologies?.&nbsp;<em>International Journal of Mental Health and Addiction, 21<\/em>(1), 145-164.&nbsp;<\/p>\n\n\n\n<p><a href=\"https:\/\/doi.org\/10.1080\/1612197X.2023.2247001\">https:\/\/doi.org\/10.1080\/1612197X.2023.2247001<\/a><\/p>\n\n\n\n<h3 class=\"wp-block-heading\">2023<\/h3>\n\n\n\n<p>K\u0131l\u0131\u00e7kaya, S., Ucar, N., &amp; Denizci Nazl\u0131g\u00fcl, M. (2023). A systematic review of the association between parenting styles and narcissism in young adults: From Baumrind\u2019s perspective.&nbsp;<em>Psychological Reports, 126<\/em>(2), 620-640.&nbsp;<\/p>\n\n\n\n<p><a href=\"https:\/\/doi.org\/10.1177\/00332941211041010\">https:\/\/doi.org\/10.1177\/00332941211041010<\/a><\/p>\n\n\n\n<h3 class=\"wp-block-heading\">2023<\/h3>\n\n\n\n<p>Isler, I. S., Doganay, M. H., Gokcen, M., Gulec, U., Gozcu, M. A., &amp; Nazligul, M. D. (2023). Power-VR: Interactive 3D virtual environment to increase motivation levels of powerlifters during training sessions.&nbsp;<em>Computer Animation and Virtual Worlds, 34<\/em>(2), e2045.<\/p>\n\n\n\n<p><a href=\"https:\/\/doi.org\/10.1002\/cav.2045\">https:\/\/doi.org\/10.1002\/cav.2045<\/a><\/p>\n\n\n\n<h3 class=\"wp-block-heading\">2022<\/h3>\n\n\n\n<p>Pak, H., S\u00fcsen, Y., Denizci Nazl\u0131g\u00fcl, M., &amp; Griffiths, M. (2022). The mediating effects of fear of COVID-19 and depression on the association between intolerance of uncertainty and emotional eating during the COVID-19 pandemic in Turkey.&nbsp;<em>International Journal of Mental Health and Addiction, 20<\/em>(3), 1882-1896.&nbsp;<\/p>\n\n\n\n<p><a href=\"https:\/\/doi.org\/10.1007\/s11469-021-00489-z\">https:\/\/doi.org\/10.1007\/s11469-021-00489-z<\/a><\/p>\n\n\n\n<h3 class=\"wp-block-heading\">2022<\/h3>\n\n\n\n<p>Denizci Nazl\u0131g\u00fcl, M., Arcan, K., &amp; Griffiths, M. D. (2022). Psychometric properties of the Turkish version of the Bergen Work Addiction Scale. I<em>nternational Journal of Mental Health and Addiction, 20(<\/em>5), 3178\u20133190.<\/p>\n\n\n\n<p><a href=\"https:\/\/doi.org\/10.1007\/s11469-021-00572-5\">https:\/\/doi.org\/10.1007\/s11469-021-00572-5<\/a><\/p>\n\n\n\n<h3 class=\"wp-block-heading\">2022<\/h3>\n\n\n\n<p>Nazl\u0131g\u00fcl, M. D., Ko\u00e7yi\u011fit, \u00d6., &amp; Merdan Y\u0131ld\u0131z, E. D. (2022). Problematic social media use for mood modification: Its associations with shame, guilt, anger, and difficulties in emotion regulation.&nbsp;<em>Addicta: The Turkish Journal on Addictions, 9<\/em>(1), 84-93.<\/p>\n\n\n\n<p><a href=\"https:\/\/www.addicta.com.tr\/en\/problematic-social-media-use-for-mood-modification-its-associations-with-shame-guilt-anger-and-difficulties-in-emotion-regulation-13244\">https:\/\/www.addicta.com.tr\/en\/problematic-social-media-use-for-mood-modification-its-associations-with-shame-guilt-anger-and-difficulties-in-emotion-regulation-13244<\/a><\/p>\n\n\n\n<h3 class=\"wp-block-heading\">2021<\/h3>\n\n\n\n<p>Nazl\u0131g\u00fcl, M. D. , and S\u00fcsen, Y. (2021). Psychometric characteristics of Turkish version of metacognitions about Online Gaming Scale.&nbsp;<em>Ba\u011f\u0131ml\u0131l\u0131k Dergisi- Journal of Dependence, 22<\/em>(3), 314-326.<\/p>\n\n\n\n<p><a href=\"https:\/\/doi.org\/10.51982\/bagimli.896088\">https:\/\/doi.org\/10.51982\/bagimli.896088<\/a><\/p>\n\n\n\n<h3 class=\"wp-block-heading\">2021<\/h3>\n\n\n\n<p>\u00c7ak\u0131c\u0131, K., Mercan, Z., &amp; Nazl\u0131g\u00fcl, M. D. (2021). A systematic review of body image and related psychological concepts: Does ethnicity matter?.&nbsp;<em>Psikiyatride Guncel Yaklasimlar, 13<\/em>(4), 707-725.<\/p>\n\n\n\n<p><a href=\"https:\/\/doi.org\/10.18863\/pgy.869244\">https:\/\/doi.org\/10.18863\/pgy.869244<\/a><\/p>\n\n\n\n<h3 class=\"wp-block-heading\">2019<\/h3>\n\n\n\n<p>Nazligul, M. D. &amp; Y\u0131lmaz, E. A. (2019). Oyun ba\u011f\u0131ml\u0131l\u0131\u011f\u0131 ve egzersiz ba\u011f\u0131ml\u0131l\u0131\u011f\u0131na davran\u0131\u015fsal ba\u011f\u0131ml\u0131l\u0131k \u00e7er\u00e7evesinden bak\u0131\u015f (Gaming addiction and exercise addiction within the framework of behavioral addictions).&nbsp;<em>Ba\u011f\u0131ml\u0131l\u0131k Dergisi &#8211; Journal of Dependence, 20<\/em>(2), 97-108.<\/p>\n\n\n\n<h3 class=\"wp-block-heading\">2019<\/h3>\n\n\n\n<p>Nazligul, M. D., Yilmaz, M., Gulec, U., Yilmaz, A. E., Isler, V., O&#8217;Connor, R. V., &#8230; &amp; Clarke, P. (2019). Interactive three-dimensional virtual environment to reduce the public speaking anxiety levels of novice software engineers.&nbsp;<em>IET Software, 13<\/em>(2), 152-158.&nbsp;<\/p>\n\n\n\n<h3 class=\"wp-block-heading\">2019<\/h3>\n\n\n\n<p>Kaynak, H. &amp; Nazligul, M. D. (2019). Alzheimer hastal\u0131\u011f\u0131na bili\u015fsel s\u00fcre\u00e7ler ve klinik \u00e7er\u00e7eveden bak\u0131\u015f: \u015eahsiyet dizisinin kritik incelemesi (Evaluating Alzheimer\u2019s disease in the frame of cognitive processes and clinical aspects: A critical review of \u015eahsiyet tv mini-series).&nbsp;<em>Ayna Klinik Psikoloji Dergisi, 6<\/em>(2), 204-222.<\/p>\n\n\n\n<p><a href=\"https:\/\/doi.org\/10.31682\/ayna.490545\">https:\/\/doi.org\/10.31682\/ayna.490545<\/a><\/p>\n\n\n\n<h3 class=\"wp-block-heading\">2018<\/h3>\n\n\n\n<p>Nazl\u0131g\u00fcl, M. D., Ba\u015f, S., Aky\u00fcz, Z., &amp; Yorulmaz, O. (2018). Internet gaming disorder and treatment approaches: A systematic review.&nbsp;<em>Addicta: The Turkish Journal on Addictions, 5<\/em>, 13-35.&nbsp;<a href=\"http:\/\/dx.doi.org\/10.15805\/addicta.2018.5.1.0018\" target=\"_blank\" rel=\"noreferrer noopener\">http:\/\/dx.doi.org\/10.15805\/addicta.2018.5.1.0018<\/a><\/p>\n\n\n\n<h3 class=\"wp-block-heading\">2018<\/h3>\n\n\n\n<p>Demircio\u011flu, Z., \u00d6ge, B., Fu\u00e7ular, E. E., \u00c7evik, T., Denizci Nazl\u0131g\u00fcl, M., &amp; \u00d6z\u00e7elik, E. (2018). Reliability, validity, and Turkish adaptation of Self-Directed Learning Scale.&nbsp;<em>International Journal of Assessment Tools in Education, 5<\/em>(2), 235-247.<\/p>\n\n\n\n<p><a href=\"https:\/\/doi.org\/10.21449\/ijate.401069\">https:\/\/doi.org\/10.21449\/ijate.401069<\/a><\/p>\n\n\n\n<h3 class=\"wp-block-heading\">2017<\/h3>\n\n\n\n<p>Denizci Nazl\u0131g\u00fcl, M. &amp; Bozo, \u00d6. (2017). Biyopsikososyal model \u00e7er\u00e7evesinde fibromiyalji ve depresyon (Fibromyalgia and depression in the frame of biyopsychosocial model).&nbsp;<em>T\u00fcrk Psikoloji Yaz\u0131lar\u0131, 20<\/em>(40), 58-72.<\/p>\n\n\n\n<h3 class=\"wp-block-heading\">2015<\/h3>\n\n\n\n<p>Sengul, B. Z., Unal, E., Akca, S., Canbolat, F., Denizci, M., &amp; Bastug, G. (2015). Validity and reliability study for the Turkish adaptation of the hypersensitive narcissism scale (HSNS).&nbsp;<em>Dusunen Adam: Journal of Psychiatry &amp; Neurological Sciences, 28(<\/em>3), 231-241.&nbsp;&nbsp;<a href=\"https:\/\/doi.org\/10.5350\/DAJPN2015280306\" target=\"_blank\" rel=\"noreferrer noopener\">https:\/\/doi.org\/10.5350\/DAJPN2015280306<\/a>&nbsp;&nbsp;&nbsp;<\/p>\n\n\n\n<p><\/p>\n\n\n\n<div style=\"height:100px\" aria-hidden=\"true\" class=\"wp-block-spacer\"><\/div>\n\n\n\n<h2 class=\"wp-block-heading\">Kitap B\u00f6l\u00fcm\u00fc<\/h2>\n\n\n\n<h3 class=\"wp-block-heading\">2023<\/h3>\n\n\n\n<p>Denizci Nazl\u0131g\u00fcl, M. (2023). Reducing excessive exercise behaviour using online cognitive behavioural therapy: The case of a middle-aged adult. In O. Corazza &amp; A. R. Dores, (Eds.),&nbsp;<em>The Body in the mind: Exercise addiction, body image and the use of enhancement drugs<\/em>. Cambridge University Press.<\/p>\n\n\n\n<p><a href=\"https:\/\/www.cambridge.org\/core\/books\/abs\/body-in-the-mind\/reducing-excessive-exercise-behaviour-using-online-cognitivebehavioural-therapy\/CBFC9DAB5FD16CF96BE9DC2A9814B54D\">https:\/\/www.cambridge.org\/core\/books\/abs\/body-in-the-mind\/reducing-excessive-exercise-behaviour-using-online-cognitivebehavioural-therapy\/CBFC9DAB5FD16CF96BE9DC2A9814B54D<\/a><\/p>\n\n\n\n<p>\u200b<\/p>\n\n\n\n<p><\/p>\n\n\n\n<div style=\"height:100px\" aria-hidden=\"true\" class=\"wp-block-spacer\"><\/div>\n\n\n\n<h2 class=\"wp-block-heading\">Kongreler<\/h2>\n\n\n\n<h3 class=\"wp-block-heading\">2024<\/h3>\n\n\n\n<p>\u0130sparta, F. B. &amp; Nazl\u0131g\u00fcl, M. D. (June, 2024). Problemli Egzersiz Davran\u0131\u015f\u0131 Olan ve Problemli Egzersiz Davran\u0131\u015f\u0131 Olmayan Gruplarda Yeme Tutumlar\u0131, Ortoreksiya ve Beden Memnuniyetinin Kar\u015f\u0131la\u015ft\u0131r\u0131lmas\u0131. 6th National Congress of Psychology Graduate Students, Ankara, Turkey.<\/p>\n\n\n\n<h3 class=\"wp-block-heading\">2023<\/h3>\n\n\n\n<p>Mutlu, \u0130. &amp; Denizci Nazl\u0131g\u00fcl, M. (A\u011futos 2023). Self-Discrepancy, Shame-Proneness, and Negative Emotional Symptoms in Individuals with Excessive Exercise Behavior, and Their Relationships with Gender. 8th International Congress of Behavioral Addictions, Incheon, Korea.<\/p>\n\n\n\n<h3 class=\"wp-block-heading\">2023<\/h3>\n\n\n\n<p>Denizci Nazl\u0131g\u00fcl, M. (Temmuz, 2023). Death Anxiety, Fear of COVID-19, and Compulsive Online Shopping Behavior: From Terror Management Perspective. 18th European Congress of Psychology, Brighton, UK.<\/p>\n\n\n\n<h3 class=\"wp-block-heading\">2022<\/h3>\n\n\n\n<p>Malko\u00e7, B. &amp; Denizci Nazligul, M. (Ekim, 2022). Problemli Egzersiz Davran\u0131\u015f\u0131 Olan Bireylerde Duygusal Yeme Davran\u0131\u015f\u0131 ile Duygudurum Aras\u0131ndaki \u0130li\u015fki: Deneysel Bir \u00c7al\u0131\u015fma (The Relationship between Emotional Eating and Mood in Individuals with Problematic Exercise Behavior: An Experimental Study). 21st National Conference of Psychology, Istanbul, Turkey.<\/p>\n\n\n\n<h3 class=\"wp-block-heading\">2021<\/h3>\n\n\n\n<p>Denizci Nazl\u0131g\u00fcl, M. &amp; S\u00fcsen, Y. (Temmuz, 2021).&nbsp; Dancing with Perfectionism and Emotional Inhibition on the Ground of Disordered Eating Behaviors. 32nd International Congress of Psychology (Virtual). Prague, Czech Republic.<\/p>\n\n\n\n<h3 class=\"wp-block-heading\">2018<\/h3>\n\n\n\n<p>Denizci Nazligul, M. &amp; Yilmaz, A. E. (Kas\u0131m, 2018). T\u00fcrkiye\u2019de Oyun Ba\u011f\u0131ml\u0131l\u0131\u011f\u0131 ve Spor Ba\u011f\u0131ml\u0131l\u0131\u011f\u0131na Dair G\u00fcncel Bulgular: Sosyodemografik Bir Bak\u0131\u015f (Recent Findings on Gaming Addiction and Exercise Addiction in Turkey: Sociodemographic Approach). 20th National Conference of Psychology, Ankara, Turkey.<\/p>\n\n\n\n<h3 class=\"wp-block-heading\">2017<\/h3>\n\n\n\n<p>Denizci Nazligul, M., Yilmaz, M., Gulec, U., &amp; Gozcu, M. A. (Eyl\u00fcl, 2017). Overcoming Public Speaking Anxiety of Novice Software Engineers using Virtual Reality Exposure Therapy. 24th European Conference on Systems, Software Process Improvement, Ostrava, Czech Republic.<\/p>\n\n\n\n<h3 class=\"wp-block-heading\">2017<\/h3>\n\n\n\n<p>Denizci Nazligul, M. &amp; Bozo, \u00d6. (Temmuz, 2017). Predictors of Depression among Turkish Fibromyalgia Patients. 15th European Congress of Psychology, Amsterdam, Netherlands.&nbsp;<\/p>\n\n\n\n<h3 class=\"wp-block-heading\">2016<\/h3>\n\n\n\n<p>G., Derin, S., C\u00f6mert, G., Nazl\u0131g\u00fcl, M., &amp; Yorulmaz, O. (A\u011fustos, 2016). Are Illusory Beliefs and Morphing Fear Really Associated with Obsessive-Compulsive Symptoms in a Turkish Analogue Sample? 46th Annual Congress of the European Association for Behavioural and Cognitive Therapies, Stockholm, Sweden.<\/p>\n\n\n\n<h3 class=\"wp-block-heading\">2014<\/h3>\n\n\n\n<p>\u00dcnal, E. Ak\u00e7a, S., Canbolat, F., Denizci M., \u015eeng\u00fcl, B. Z., &amp; Ba\u015ftu\u011f, G. (Nisan, 2014). K\u0131r\u0131lgan Narsizm \u00d6l\u00e7e\u011fi (KN\u00d6)\u2019nin T\u00fcrk\u00e7e Uyarlama \u00c7al\u0131\u015fmas\u0131 ve Psikometrik \u00d6zelliklerinin Belirlenmesi (The Turkish Adaptation of the Hypersensitive Narcissism Scale (HSNS) and Its Psychometric Properties). 18th National Conference of Psychology, Bursa, Turkey.<\/p>\n","protected":false},"excerpt":{"rendered":"<p>Makaleler 2025 Ozer, Z. G., Nazl\u0131g\u00fcl, M. D., Granziol, U., Griffiths, M. D., Alpay, M., T\u00f3th, E., &amp; Szabo, A. (2025). Psychometric validity and reliability of the Turkish Exercise Addiction Inventory-3.\u00a0Addicta: The Turkish Journal on Addictions. doi: 10.5152\/ADDICTA.2025.24284 2024 \u00c7ak\u0131c\u0131, K., &amp; Nazl\u0131g\u00fcl, M. D. Gaming disorder in individuals experiencing stress: Cognitive attentional syndrome and [&hellip;]<\/p>\n","protected":false},"author":1,"featured_media":0,"parent":0,"menu_order":0,"comment_status":"closed","ping_status":"closed","template":"","meta":{"footnotes":""},"class_list":["post-4723","page","type-page","status-publish","hentry"],"yoast_head":"<!-- This site is optimized with the Yoast SEO plugin v24.9 - https:\/\/yoast.com\/wordpress\/plugins\/seo\/ -->\n<title>Akademik \u00c7al\u0131\u015fmalar\u0131m - Merve Denizci Nazl\u0131g\u00fcl<\/title>\n<meta name=\"robots\" content=\"index, follow, max-snippet:-1, max-image-preview:large, max-video-preview:-1\" \/>\n<link rel=\"canonical\" href=\"https:\/\/denizcimerve.com\/tr_tr\/akademik-calismalarim\/\" \/>\n<meta property=\"og:locale\" content=\"tr_TR\" \/>\n<meta property=\"og:type\" content=\"article\" \/>\n<meta property=\"og:title\" content=\"Akademik \u00c7al\u0131\u015fmalar\u0131m - Merve Denizci Nazl\u0131g\u00fcl\" \/>\n<meta property=\"og:description\" content=\"Makaleler 2025 Ozer, Z. G., Nazl\u0131g\u00fcl, M. D., Granziol, U., Griffiths, M. D., Alpay, M., T\u00f3th, E., &amp; Szabo, A. (2025). Psychometric validity and reliability of the Turkish Exercise Addiction Inventory-3.\u00a0Addicta: The Turkish Journal on Addictions. doi: 10.5152\/ADDICTA.2025.24284 2024 \u00c7ak\u0131c\u0131, K., &amp; Nazl\u0131g\u00fcl, M. D. Gaming disorder in individuals experiencing stress: Cognitive attentional syndrome and [&hellip;]\" \/>\n<meta property=\"og:url\" content=\"https:\/\/denizcimerve.com\/tr_tr\/akademik-calismalarim\/\" \/>\n<meta property=\"og:site_name\" content=\"Merve Denizci Nazl\u0131g\u00fcl\" \/>\n<meta property=\"article:modified_time\" content=\"2026-03-10T05:04:35+00:00\" \/>\n<meta name=\"twitter:card\" content=\"summary_large_image\" \/>\n<meta name=\"twitter:label1\" content=\"Tahmini okuma s\u00fcresi\" \/>\n\t<meta name=\"twitter:data1\" content=\"8 dakika\" \/>\n<script type=\"application\/ld+json\" class=\"yoast-schema-graph\">{\"@context\":\"https:\/\/schema.org\",\"@graph\":[{\"@type\":\"WebPage\",\"@id\":\"https:\/\/denizcimerve.com\/akademik-calismalarim\/\",\"url\":\"https:\/\/denizcimerve.com\/akademik-calismalarim\/\",\"name\":\"Akademik \u00c7al\u0131\u015fmalar\u0131m - Merve Denizci Nazl\u0131g\u00fcl\",\"isPartOf\":{\"@id\":\"https:\/\/denizcimerve.com\/#website\"},\"datePublished\":\"2025-02-01T21:22:55+00:00\",\"dateModified\":\"2026-03-10T05:04:35+00:00\",\"breadcrumb\":{\"@id\":\"https:\/\/denizcimerve.com\/akademik-calismalarim\/#breadcrumb\"},\"inLanguage\":\"tr\",\"potentialAction\":[{\"@type\":\"ReadAction\",\"target\":[\"https:\/\/denizcimerve.com\/akademik-calismalarim\/\"]}]},{\"@type\":\"BreadcrumbList\",\"@id\":\"https:\/\/denizcimerve.com\/akademik-calismalarim\/#breadcrumb\",\"itemListElement\":[{\"@type\":\"ListItem\",\"position\":1,\"name\":\"Anasayfa\",\"item\":\"https:\/\/denizcimerve.com\/\"},{\"@type\":\"ListItem\",\"position\":2,\"name\":\"Akademik \u00c7al\u0131\u015fmalar\u0131m\"}]},{\"@type\":\"WebSite\",\"@id\":\"https:\/\/denizcimerve.com\/#website\",\"url\":\"https:\/\/denizcimerve.com\/\",\"name\":\"Merve Denizci Nazl\u0131g\u00fcl\",\"description\":\"\",\"publisher\":{\"@id\":\"https:\/\/denizcimerve.com\/#\/schema\/person\/079fe18b4e73d7f643bac44fd00168cd\"},\"potentialAction\":[{\"@type\":\"SearchAction\",\"target\":{\"@type\":\"EntryPoint\",\"urlTemplate\":\"https:\/\/denizcimerve.com\/?s={search_term_string}\"},\"query-input\":{\"@type\":\"PropertyValueSpecification\",\"valueRequired\":true,\"valueName\":\"search_term_string\"}}],\"inLanguage\":\"tr\"},{\"@type\":[\"Person\",\"Organization\"],\"@id\":\"https:\/\/denizcimerve.com\/#\/schema\/person\/079fe18b4e73d7f643bac44fd00168cd\",\"name\":\"admin\",\"image\":{\"@type\":\"ImageObject\",\"inLanguage\":\"tr\",\"@id\":\"https:\/\/denizcimerve.com\/#\/schema\/person\/image\/\",\"url\":\"https:\/\/denizcimerve.com\/wp-content\/uploads\/2025\/02\/ee.png\",\"contentUrl\":\"https:\/\/denizcimerve.com\/wp-content\/uploads\/2025\/02\/ee.png\",\"width\":583,\"height\":544,\"caption\":\"admin\"},\"logo\":{\"@id\":\"https:\/\/denizcimerve.com\/#\/schema\/person\/image\/\"},\"sameAs\":[\"https:\/\/desteko.com\/mer\"]}]}<\/script>\n<!-- \/ Yoast SEO plugin. -->","yoast_head_json":{"title":"Akademik \u00c7al\u0131\u015fmalar\u0131m - Merve Denizci Nazl\u0131g\u00fcl","robots":{"index":"index","follow":"follow","max-snippet":"max-snippet:-1","max-image-preview":"max-image-preview:large","max-video-preview":"max-video-preview:-1"},"canonical":"https:\/\/denizcimerve.com\/tr_tr\/akademik-calismalarim\/","og_locale":"tr_TR","og_type":"article","og_title":"Akademik \u00c7al\u0131\u015fmalar\u0131m - Merve Denizci Nazl\u0131g\u00fcl","og_description":"Makaleler 2025 Ozer, Z. G., Nazl\u0131g\u00fcl, M. D., Granziol, U., Griffiths, M. D., Alpay, M., T\u00f3th, E., &amp; Szabo, A. (2025). Psychometric validity and reliability of the Turkish Exercise Addiction Inventory-3.\u00a0Addicta: The Turkish Journal on Addictions. doi: 10.5152\/ADDICTA.2025.24284 2024 \u00c7ak\u0131c\u0131, K., &amp; Nazl\u0131g\u00fcl, M. D. Gaming disorder in individuals experiencing stress: Cognitive attentional syndrome and [&hellip;]","og_url":"https:\/\/denizcimerve.com\/tr_tr\/akademik-calismalarim\/","og_site_name":"Merve Denizci Nazl\u0131g\u00fcl","article_modified_time":"2026-03-10T05:04:35+00:00","twitter_card":"summary_large_image","twitter_misc":{"Tahmini okuma s\u00fcresi":"8 dakika"},"schema":{"@context":"https:\/\/schema.org","@graph":[{"@type":"WebPage","@id":"https:\/\/denizcimerve.com\/akademik-calismalarim\/","url":"https:\/\/denizcimerve.com\/akademik-calismalarim\/","name":"Akademik \u00c7al\u0131\u015fmalar\u0131m - Merve Denizci Nazl\u0131g\u00fcl","isPartOf":{"@id":"https:\/\/denizcimerve.com\/#website"},"datePublished":"2025-02-01T21:22:55+00:00","dateModified":"2026-03-10T05:04:35+00:00","breadcrumb":{"@id":"https:\/\/denizcimerve.com\/akademik-calismalarim\/#breadcrumb"},"inLanguage":"tr","potentialAction":[{"@type":"ReadAction","target":["https:\/\/denizcimerve.com\/akademik-calismalarim\/"]}]},{"@type":"BreadcrumbList","@id":"https:\/\/denizcimerve.com\/akademik-calismalarim\/#breadcrumb","itemListElement":[{"@type":"ListItem","position":1,"name":"Anasayfa","item":"https:\/\/denizcimerve.com\/"},{"@type":"ListItem","position":2,"name":"Akademik \u00c7al\u0131\u015fmalar\u0131m"}]},{"@type":"WebSite","@id":"https:\/\/denizcimerve.com\/#website","url":"https:\/\/denizcimerve.com\/","name":"Merve Denizci Nazl\u0131g\u00fcl","description":"","publisher":{"@id":"https:\/\/denizcimerve.com\/#\/schema\/person\/079fe18b4e73d7f643bac44fd00168cd"},"potentialAction":[{"@type":"SearchAction","target":{"@type":"EntryPoint","urlTemplate":"https:\/\/denizcimerve.com\/?s={search_term_string}"},"query-input":{"@type":"PropertyValueSpecification","valueRequired":true,"valueName":"search_term_string"}}],"inLanguage":"tr"},{"@type":["Person","Organization"],"@id":"https:\/\/denizcimerve.com\/#\/schema\/person\/079fe18b4e73d7f643bac44fd00168cd","name":"admin","image":{"@type":"ImageObject","inLanguage":"tr","@id":"https:\/\/denizcimerve.com\/#\/schema\/person\/image\/","url":"https:\/\/denizcimerve.com\/wp-content\/uploads\/2025\/02\/ee.png","contentUrl":"https:\/\/denizcimerve.com\/wp-content\/uploads\/2025\/02\/ee.png","width":583,"height":544,"caption":"admin"},"logo":{"@id":"https:\/\/denizcimerve.com\/#\/schema\/person\/image\/"},"sameAs":["https:\/\/desteko.com\/mer"]}]}},"_links":{"self":[{"href":"https:\/\/denizcimerve.com\/tr_tr\/wp-json\/wp\/v2\/pages\/4723","targetHints":{"allow":["GET"]}}],"collection":[{"href":"https:\/\/denizcimerve.com\/tr_tr\/wp-json\/wp\/v2\/pages"}],"about":[{"href":"https:\/\/denizcimerve.com\/tr_tr\/wp-json\/wp\/v2\/types\/page"}],"author":[{"embeddable":true,"href":"https:\/\/denizcimerve.com\/tr_tr\/wp-json\/wp\/v2\/users\/1"}],"replies":[{"embeddable":true,"href":"https:\/\/denizcimerve.com\/tr_tr\/wp-json\/wp\/v2\/comments?post=4723"}],"version-history":[{"count":6,"href":"https:\/\/denizcimerve.com\/tr_tr\/wp-json\/wp\/v2\/pages\/4723\/revisions"}],"predecessor-version":[{"id":5033,"href":"https:\/\/denizcimerve.com\/tr_tr\/wp-json\/wp\/v2\/pages\/4723\/revisions\/5033"}],"wp:attachment":[{"href":"https:\/\/denizcimerve.com\/tr_tr\/wp-json\/wp\/v2\/media?parent=4723"}],"curies":[{"name":"wp","href":"https:\/\/api.w.org\/{rel}","templated":true}]}}